{"id":5332,"date":"2024-08-01T14:03:25","date_gmt":"2024-08-01T12:03:25","guid":{"rendered":"https:\/\/www.sw-wattenscheid.de\/V5\/?page_id=5332"},"modified":"2026-03-02T15:15:42","modified_gmt":"2026-03-02T14:15:42","slug":"mitgliedschaft","status":"publish","type":"page","link":"https:\/\/www.sw-wattenscheid.de\/V5\/mitgliedschaft\/","title":{"rendered":"Mitgliedschaft"},"content":{"rendered":"<p><img fetchpriority=\"high\" decoding=\"async\" src=\"https:\/\/www.sw-wattenscheid.de\/V5\/wp-content\/uploads\/2024\/08\/Bild_Aufnahme-1024x546.jpg\" sizes=\"(max-width: 1024px) 100vw, 1024px\" srcset=\"https:\/\/www.sw-wattenscheid.de\/V5\/wp-content\/uploads\/2024\/08\/Bild_Aufnahme-1024x546.jpg 1024w, https:\/\/www.sw-wattenscheid.de\/V5\/wp-content\/uploads\/2024\/08\/Bild_Aufnahme-300x160.jpg 300w, https:\/\/www.sw-wattenscheid.de\/V5\/wp-content\/uploads\/2024\/08\/Bild_Aufnahme-768x410.jpg 768w, https:\/\/www.sw-wattenscheid.de\/V5\/wp-content\/uploads\/2024\/08\/Bild_Aufnahme-500x267.jpg 500w, https:\/\/www.sw-wattenscheid.de\/V5\/wp-content\/uploads\/2024\/08\/Bild_Aufnahme-400x213.jpg 400w, https:\/\/www.sw-wattenscheid.de\/V5\/wp-content\/uploads\/2024\/08\/Bild_Aufnahme-32x17.jpg 32w, https:\/\/www.sw-wattenscheid.de\/V5\/wp-content\/uploads\/2024\/08\/Bild_Aufnahme-370x197.jpg 370w, https:\/\/www.sw-wattenscheid.de\/V5\/wp-content\/uploads\/2024\/08\/Bild_Aufnahme-1278x683.jpg 1278w, https:\/\/www.sw-wattenscheid.de\/V5\/wp-content\/uploads\/2024\/08\/Bild_Aufnahme-818x436.jpg 818w, https:\/\/www.sw-wattenscheid.de\/V5\/wp-content\/uploads\/2024\/08\/Bild_Aufnahme-406x217.jpg 406w, https:\/\/www.sw-wattenscheid.de\/V5\/wp-content\/uploads\/2024\/08\/Bild_Aufnahme-600x320.jpg 600w, https:\/\/www.sw-wattenscheid.de\/V5\/wp-content\/uploads\/2024\/08\/Bild_Aufnahme.jpg 1280w\" alt=\"\" width=\"1024\" height=\"546\" \/><\/p>\n<h2>Unsere Beitr\u00e4ge<\/h2>\n<p>Die folgende \u00dcbersicht zeigt die Aufschl\u00fcsselung der Mitgliedsbeitr\u00e4ge auf 12 Monate.<\/p>\n<p>96 \u20ac AKTIVE SENIOREN<br \/>\n60 \u20ac PASSIVE SENIOREN<br \/>\n92 \u20ac AKTIVE JUNIOREN<\/p>\n<h2>WICHTIGE UNTERLAGEN<\/h2>\n<p><a href=\"https:\/\/www.sw-wattenscheid.de\/V5\/wp-content\/uploads\/2026\/03\/JuniorenAufnahmeantragEinwilligung_Artikel_7_DSGVO_Gesamt_Jugend.pdf\">https:\/\/www.sw-wattenscheid.de\/V5\/wp-content\/uploads\/2026\/03\/JuniorenAufnahmeantragEinwilligung_Artikel_7_DSGVO_Gesamt_Jugend.pdf<\/a><\/p>\n<p><a href=\"https:\/\/www.sw-wattenscheid.de\/V5\/wp-content\/uploads\/2026\/03\/SeniorenAufnahmeantragEinwilligung_Artikel_7_DSGVO_Gesamt.pdf\">https:\/\/www.sw-wattenscheid.de\/V5\/wp-content\/uploads\/2026\/03\/SeniorenAufnahmeantragEinwilligung_Artikel_7_DSGVO_Gesamt.pdf<\/a><\/p>\n<p><a href=\"https:\/\/www.sw-wattenscheid.de\/V5\/wp-content\/uploads\/2026\/03\/Spielberechtigungsantrag_n-1.pdf\">https:\/\/www.sw-wattenscheid.de\/V5\/wp-content\/uploads\/2026\/03\/Spielberechtigungsantrag_n-1.pdf<\/a><\/p>\n<h2>Abmeldung\/K\u00fcndigung Vereinsmitgliedschaft<\/h2>\n<p>Die Abmeldung muss eigenh\u00e4ndig unterschrieben sein und mittels\u00a0<strong>Einschreibepostkarte<\/strong> an die Gesch\u00e4ftsadresse des Vereins\u00a0erfolgen (als Tag der Abmeldung gilt das Datum des Poststempels).<\/p>\n<p>(<em>lt. SpO \/ WDFV)<\/em>)<\/p>\n<p>Die Vereinsadresse lautet wie folgt:<\/p>\n<p><strong>SW WATTENSCHEID 08 e.V.<\/strong><br \/>\n<strong>Udo Stein<\/strong><br \/>\n<strong>Ridderstra\u00dfe 1<\/strong><br \/>\n<strong>44867 Bochum<\/strong><\/p>\n","protected":false},"excerpt":{"rendered":"<p>Unsere Beitr\u00e4ge Die folgende \u00dcbersicht zeigt die Aufschl\u00fcsselung der Mitgliedsbeitr\u00e4ge auf 12 Monate. 96 \u20ac AKTIVE SENIOREN 60 \u20ac PASSIVE SENIOREN 92 \u20ac AKTIVE JUNIOREN WICHTIGE UNTERLAGEN https:\/\/www.sw-wattenscheid.de\/V5\/wp-content\/uploads\/2026\/03\/JuniorenAufnahmeantragEinwilligung_Artikel_7_DSGVO_Gesamt_Jugend.pdf https:\/\/www.sw-wattenscheid.de\/V5\/wp-content\/uploads\/2026\/03\/SeniorenAufnahmeantragEinwilligung_Artikel_7_DSGVO_Gesamt.pdf https:\/\/www.sw-wattenscheid.de\/V5\/wp-content\/uploads\/2026\/03\/Spielberechtigungsantrag_n-1.pdf Abmeldung\/K\u00fcndigung Vereinsmitgliedschaft Die Abmeldung muss eigenh\u00e4ndig unterschrieben sein und&hellip;<\/p>\n","protected":false},"author":1,"featured_media":5334,"parent":0,"menu_order":0,"comment_status":"closed","ping_status":"closed","template":"","meta":{"footnotes":""},"class_list":["post-5332","page","type-page","status-publish","has-post-thumbnail","hentry"],"_links":{"self":[{"href":"https:\/\/www.sw-wattenscheid.de\/V5\/wp-json\/wp\/v2\/pages\/5332","targetHints":{"allow":["GET"]}}],"collection":[{"href":"https:\/\/www.sw-wattenscheid.de\/V5\/wp-json\/wp\/v2\/pages"}],"about":[{"href":"https:\/\/www.sw-wattenscheid.de\/V5\/wp-json\/wp\/v2\/types\/page"}],"author":[{"embeddable":true,"href":"https:\/\/www.sw-wattenscheid.de\/V5\/wp-json\/wp\/v2\/users\/1"}],"replies":[{"embeddable":true,"href":"https:\/\/www.sw-wattenscheid.de\/V5\/wp-json\/wp\/v2\/comments?post=5332"}],"version-history":[{"count":6,"href":"https:\/\/www.sw-wattenscheid.de\/V5\/wp-json\/wp\/v2\/pages\/5332\/revisions"}],"predecessor-version":[{"id":8141,"href":"https:\/\/www.sw-wattenscheid.de\/V5\/wp-json\/wp\/v2\/pages\/5332\/revisions\/8141"}],"wp:featuredmedia":[{"embeddable":true,"href":"https:\/\/www.sw-wattenscheid.de\/V5\/wp-json\/wp\/v2\/media\/5334"}],"wp:attachment":[{"href":"https:\/\/www.sw-wattenscheid.de\/V5\/wp-json\/wp\/v2\/media?parent=5332"}],"curies":[{"name":"wp","href":"https:\/\/api.w.org\/{rel}","templated":true}]}}