{"id":5918,"date":"2024-08-10T20:21:38","date_gmt":"2024-08-10T18:21:38","guid":{"rendered":"https:\/\/www.sw-wattenscheid.de\/V5\/?page_id=5918"},"modified":"2025-05-03T11:37:49","modified_gmt":"2025-05-03T09:37:49","slug":"g-junioren","status":"publish","type":"page","link":"https:\/\/www.sw-wattenscheid.de\/V5\/g-junioren\/","title":{"rendered":"G &#8211; Junioren"},"content":{"rendered":"\t\t<div data-elementor-type=\"wp-page\" data-elementor-id=\"5918\" class=\"elementor elementor-5918\" data-elementor-settings=\"{&quot;ha_cmc_init_switcher&quot;:&quot;no&quot;}\" data-elementor-post-type=\"page\">\n\t\t\t\t\t\t<section class=\"elementor-section elementor-top-section elementor-element elementor-element-09ab2ec elementor-section-boxed elementor-section-height-default elementor-section-height-default wpr-particle-no wpr-jarallax-no wpr-parallax-no wpr-sticky-section-no wpr-equal-height-no\" data-id=\"09ab2ec\" data-element_type=\"section\" data-e-type=\"section\" data-settings=\"{&quot;_ha_eqh_enable&quot;:false}\">\n\t\t\t\t\t\t<div class=\"elementor-container elementor-column-gap-extended\">\n\t\t\t\t\t<div class=\"elementor-column elementor-col-100 elementor-top-column elementor-element elementor-element-ea04929 sc_inner_width_none sc_layouts_column_icons_position_left\" data-id=\"ea04929\" data-element_type=\"column\" data-e-type=\"column\">\n\t\t\t<div class=\"elementor-widget-wrap elementor-element-populated\">\n\t\t\t\t\t\t<div class=\"elementor-element elementor-element-f97f4f1 sc_fly_static elementor-widget elementor-widget-heading\" data-id=\"f97f4f1\" data-element_type=\"widget\" data-e-type=\"widget\" data-widget_type=\"heading.default\">\n\t\t\t\t<div class=\"elementor-widget-container\">\n\t\t\t\t\t<h2 class=\"elementor-heading-title elementor-size-default\">SW WATTENSCHEID 08 - G-Junioren - 2024-2025<\/h2>\t\t\t\t<\/div>\n\t\t\t\t<\/div>\n\t\t\t\t\t<\/div>\n\t\t<\/div>\n\t\t\t\t\t<\/div>\n\t\t<\/section>\n\t\t\t\t<section class=\"elementor-section elementor-top-section elementor-element elementor-element-70e3483 elementor-section-boxed elementor-section-height-default elementor-section-height-default wpr-particle-no wpr-jarallax-no wpr-parallax-no wpr-sticky-section-no wpr-equal-height-no\" data-id=\"70e3483\" data-element_type=\"section\" data-e-type=\"section\" data-settings=\"{&quot;_ha_eqh_enable&quot;:false}\">\n\t\t\t\t\t\t<div class=\"elementor-container elementor-column-gap-extended\">\n\t\t\t\t\t<div class=\"elementor-column elementor-col-100 elementor-top-column elementor-element elementor-element-a0b8386 sc_inner_width_none sc_layouts_column_icons_position_left\" data-id=\"a0b8386\" data-element_type=\"column\" data-e-type=\"column\">\n\t\t\t<div class=\"elementor-widget-wrap elementor-element-populated\">\n\t\t\t\t\t\t<div class=\"elementor-element elementor-element-27d0a1c sc_fly_static elementor-widget elementor-widget-image\" data-id=\"27d0a1c\" data-element_type=\"widget\" data-e-type=\"widget\" data-widget_type=\"image.default\">\n\t\t\t\t<div class=\"elementor-widget-container\">\n\t\t\t\t\t\t\t\t\t\t\t\t\t\t\t\t<a href=\"https:\/\/www.sw-wattenscheid.de\/V5\/wp-content\/uploads\/2024\/09\/G-2425.jpeg\">\n\t\t\t\t\t\t\t<img fetchpriority=\"high\" decoding=\"async\" width=\"1024\" height=\"768\" src=\"https:\/\/www.sw-wattenscheid.de\/V5\/wp-content\/uploads\/2024\/09\/G-2425-1024x768.jpeg\" class=\"attachment-large size-large wp-image-6490\" alt=\"\" srcset=\"https:\/\/www.sw-wattenscheid.de\/V5\/wp-content\/uploads\/2024\/09\/G-2425-1024x768.jpeg 1024w, https:\/\/www.sw-wattenscheid.de\/V5\/wp-content\/uploads\/2024\/09\/G-2425-300x225.jpeg 300w, https:\/\/www.sw-wattenscheid.de\/V5\/wp-content\/uploads\/2024\/09\/G-2425-768x576.jpeg 768w, https:\/\/www.sw-wattenscheid.de\/V5\/wp-content\/uploads\/2024\/09\/G-2425-1536x1152.jpeg 1536w, https:\/\/www.sw-wattenscheid.de\/V5\/wp-content\/uploads\/2024\/09\/G-2425-500x375.jpeg 500w, https:\/\/www.sw-wattenscheid.de\/V5\/wp-content\/uploads\/2024\/09\/G-2425-400x300.jpeg 400w, https:\/\/www.sw-wattenscheid.de\/V5\/wp-content\/uploads\/2024\/09\/G-2425-32x24.jpeg 32w, https:\/\/www.sw-wattenscheid.de\/V5\/wp-content\/uploads\/2024\/09\/G-2425-370x278.jpeg 370w, https:\/\/www.sw-wattenscheid.de\/V5\/wp-content\/uploads\/2024\/09\/G-2425-818x614.jpeg 818w, https:\/\/www.sw-wattenscheid.de\/V5\/wp-content\/uploads\/2024\/09\/G-2425-406x305.jpeg 406w, https:\/\/www.sw-wattenscheid.de\/V5\/wp-content\/uploads\/2024\/09\/G-2425-600x450.jpeg 600w, https:\/\/www.sw-wattenscheid.de\/V5\/wp-content\/uploads\/2024\/09\/G-2425.jpeg 2000w\" sizes=\"(max-width: 1024px) 100vw, 1024px\" \/>\t\t\t\t\t\t\t\t<\/a>\n\t\t\t\t\t\t\t\t\t\t\t\t\t\t\t<\/div>\n\t\t\t\t<\/div>\n\t\t\t\t\t<\/div>\n\t\t<\/div>\n\t\t\t\t\t<\/div>\n\t\t<\/section>\n\t\t\t\t<section class=\"elementor-section elementor-top-section elementor-element elementor-element-da523ba elementor-section-boxed elementor-section-height-default elementor-section-height-default wpr-particle-no wpr-jarallax-no wpr-parallax-no wpr-sticky-section-no wpr-equal-height-no\" data-id=\"da523ba\" data-element_type=\"section\" data-e-type=\"section\" data-settings=\"{&quot;_ha_eqh_enable&quot;:false}\">\n\t\t\t\t\t\t<div class=\"elementor-container elementor-column-gap-extended\">\n\t\t\t\t\t<div class=\"elementor-column elementor-col-100 elementor-top-column elementor-element elementor-element-8f0e454 sc_inner_width_none sc_layouts_column_icons_position_left\" data-id=\"8f0e454\" data-element_type=\"column\" data-e-type=\"column\">\n\t\t\t<div class=\"elementor-widget-wrap elementor-element-populated\">\n\t\t\t\t\t\t<div class=\"elementor-element elementor-element-41db8df elementor-widget-divider--view-line sc_fly_static elementor-widget elementor-widget-divider\" data-id=\"41db8df\" data-element_type=\"widget\" data-e-type=\"widget\" data-widget_type=\"divider.default\">\n\t\t\t\t<div class=\"elementor-widget-container\">\n\t\t\t\t\t\t\t<div class=\"elementor-divider\">\n\t\t\t<span class=\"elementor-divider-separator\">\n\t\t\t\t\t\t<\/span>\n\t\t<\/div>\n\t\t\t\t\t\t<\/div>\n\t\t\t\t<\/div>\n\t\t\t\t<div class=\"elementor-element elementor-element-ae2a6be sc_fly_static elementor-widget elementor-widget-heading\" data-id=\"ae2a6be\" data-element_type=\"widget\" data-e-type=\"widget\" data-widget_type=\"heading.default\">\n\t\t\t\t<div class=\"elementor-widget-container\">\n\t\t\t\t\t<h2 class=\"elementor-heading-title elementor-size-default\">n\u00e4chste spiele<\/h2>\t\t\t\t<\/div>\n\t\t\t\t<\/div>\n\t\t\t\t<div class=\"elementor-element elementor-element-e453e73 sc_fly_static elementor-widget elementor-widget-text-editor\" data-id=\"e453e73\" data-element_type=\"widget\" data-e-type=\"widget\" data-widget_type=\"text-editor.default\">\n\t\t\t\t<div class=\"elementor-widget-container\">\n\t\t\t\t\t\t\t\t\t<script \n  type=\"text\/javascript\" \n  src=\"https:\/\/www.fussball.de\/widgets.js\">\n<\/script>\n<div\n  class=\"fussballde_widget\"\n  data-id=\"9bb4bd0d-1abc-46bd-924d-765177575482\"\n  data-type=\"next-match\"\n\/>\t\t\t\t\t\t\t\t<\/div>\n\t\t\t\t<\/div>\n\t\t\t\t<div class=\"elementor-element elementor-element-cbae865 elementor-widget-divider--view-line sc_fly_static elementor-widget elementor-widget-divider\" data-id=\"cbae865\" data-element_type=\"widget\" data-e-type=\"widget\" data-widget_type=\"divider.default\">\n\t\t\t\t<div class=\"elementor-widget-container\">\n\t\t\t\t\t\t\t<div class=\"elementor-divider\">\n\t\t\t<span class=\"elementor-divider-separator\">\n\t\t\t\t\t\t<\/span>\n\t\t<\/div>\n\t\t\t\t\t\t<\/div>\n\t\t\t\t<\/div>\n\t\t\t\t\t<\/div>\n\t\t<\/div>\n\t\t\t\t\t<\/div>\n\t\t<\/section>\n\t\t\t\t<section class=\"elementor-section elementor-top-section elementor-element elementor-element-dbdec89 elementor-section-boxed elementor-section-height-default elementor-section-height-default wpr-particle-no wpr-jarallax-no wpr-parallax-no wpr-sticky-section-no wpr-equal-height-no\" data-id=\"dbdec89\" data-element_type=\"section\" data-e-type=\"section\" data-settings=\"{&quot;_ha_eqh_enable&quot;:false}\">\n\t\t\t\t\t\t<div class=\"elementor-container elementor-column-gap-extended\">\n\t\t\t\t\t<div class=\"elementor-column elementor-col-100 elementor-top-column elementor-element elementor-element-fe7eaba sc_inner_width_none sc_layouts_column_icons_position_left\" data-id=\"fe7eaba\" data-element_type=\"column\" data-e-type=\"column\">\n\t\t\t<div class=\"elementor-widget-wrap elementor-element-populated\">\n\t\t\t\t\t\t<div class=\"elementor-element elementor-element-8042ab2 sc_fly_static elementor-widget elementor-widget-heading\" data-id=\"8042ab2\" data-element_type=\"widget\" data-e-type=\"widget\" data-widget_type=\"heading.default\">\n\t\t\t\t<div class=\"elementor-widget-container\">\n\t\t\t\t\t<h2 class=\"elementor-heading-title elementor-size-default\">Mannschaft<\/h2>\t\t\t\t<\/div>\n\t\t\t\t<\/div>\n\t\t\t\t<section class=\"elementor-section elementor-inner-section elementor-element elementor-element-2e8aefc elementor-section-boxed elementor-section-height-default elementor-section-height-default wpr-particle-no wpr-jarallax-no wpr-parallax-no wpr-sticky-section-no wpr-equal-height-no\" data-id=\"2e8aefc\" data-element_type=\"section\" data-e-type=\"section\" data-settings=\"{&quot;_ha_eqh_enable&quot;:false}\">\n\t\t\t\t\t\t<div class=\"elementor-container elementor-column-gap-extended\">\n\t\t\t\t\t<div class=\"elementor-column elementor-col-50 elementor-inner-column elementor-element elementor-element-7d8a4a2 sc_inner_width_none sc_layouts_column_icons_position_left\" data-id=\"7d8a4a2\" data-element_type=\"column\" data-e-type=\"column\">\n\t\t\t<div class=\"elementor-widget-wrap elementor-element-populated\">\n\t\t\t\t\t\t<div class=\"elementor-element elementor-element-d569ad0 sc_fly_static elementor-widget elementor-widget-ha-member happy-addon ha-member\" data-id=\"d569ad0\" data-element_type=\"widget\" data-e-type=\"widget\" data-widget_type=\"ha-member.default\">\n\t\t\t\t<div class=\"elementor-widget-container\">\n\t\t\t\t\t\n\t\t\t\t\t<figure class=\"ha-member-figure\">\n\t\t\t\t<img decoding=\"async\" src=\"https:\/\/www.sw-wattenscheid.de\/V5\/wp-content\/uploads\/2024\/08\/leithe.jpg\" title=\"\" alt=\"\" class=\"elementor-animation-disable-animation\" loading=\"lazy\" \/>\t\t\t<\/figure>\n\t\t\n\t\t<div class=\"ha-member-body\">\n\t\t\t<h2 class=\"ha-member-name\">Chavdar Panayotov<\/h2>\n\t\t\t\t\t\t\t<div class=\"ha-member-position\">Trainer<\/div>\n\t\t\t\n\t\t\t\t\t\t\t<div class=\"ha-member-bio\">\n\t\t\t\t\t<p>Kontaktm\u00f6glichkeiten \u00fcber den Juniorenvorstand<\/p>\n\t\t\t\t<\/div>\n\t\t\t\n\t\t\t\n\t\t\t\n\t\t\t\t\t<\/div>\n\t\t\t\t\t\t<\/div>\n\t\t\t\t<\/div>\n\t\t\t\t\t<\/div>\n\t\t<\/div>\n\t\t\t\t<div class=\"elementor-column elementor-col-50 elementor-inner-column elementor-element elementor-element-013218e sc_inner_width_none sc_layouts_column_icons_position_left\" data-id=\"013218e\" data-element_type=\"column\" data-e-type=\"column\">\n\t\t\t<div class=\"elementor-widget-wrap\">\n\t\t\t\t\t\t\t<\/div>\n\t\t<\/div>\n\t\t\t\t\t<\/div>\n\t\t<\/section>\n\t\t\t\t\t<\/div>\n\t\t<\/div>\n\t\t\t\t\t<\/div>\n\t\t<\/section>\n\t\t\t\t<\/div>\n\t\t","protected":false},"excerpt":{"rendered":"<p>SW WATTENSCHEID 08 &#8211; G-Junioren &#8211; 2024-2025 n\u00e4chste spiele Mannschaft Chavdar Panayotov Trainer Kontaktm\u00f6glichkeiten \u00fcber den Juniorenvorstand<\/p>\n","protected":false},"author":1,"featured_media":0,"parent":0,"menu_order":0,"comment_status":"closed","ping_status":"closed","template":"","meta":{"footnotes":""},"class_list":["post-5918","page","type-page","status-publish","hentry"],"_links":{"self":[{"href":"https:\/\/www.sw-wattenscheid.de\/V5\/wp-json\/wp\/v2\/pages\/5918","targetHints":{"allow":["GET"]}}],"collection":[{"href":"https:\/\/www.sw-wattenscheid.de\/V5\/wp-json\/wp\/v2\/pages"}],"about":[{"href":"https:\/\/www.sw-wattenscheid.de\/V5\/wp-json\/wp\/v2\/types\/page"}],"author":[{"embeddable":true,"href":"https:\/\/www.sw-wattenscheid.de\/V5\/wp-json\/wp\/v2\/users\/1"}],"replies":[{"embeddable":true,"href":"https:\/\/www.sw-wattenscheid.de\/V5\/wp-json\/wp\/v2\/comments?post=5918"}],"version-history":[{"count":1,"href":"https:\/\/www.sw-wattenscheid.de\/V5\/wp-json\/wp\/v2\/pages\/5918\/revisions"}],"predecessor-version":[{"id":7122,"href":"https:\/\/www.sw-wattenscheid.de\/V5\/wp-json\/wp\/v2\/pages\/5918\/revisions\/7122"}],"wp:attachment":[{"href":"https:\/\/www.sw-wattenscheid.de\/V5\/wp-json\/wp\/v2\/media?parent=5918"}],"curies":[{"name":"wp","href":"https:\/\/api.w.org\/{rel}","templated":true}]}}